{"id":275,"date":"2025-05-01T20:35:33","date_gmt":"2025-05-01T18:35:33","guid":{"rendered":"https:\/\/kardiologzwierzat.pl\/?post_type=product&#038;p=275"},"modified":"2025-11-25T08:41:47","modified_gmt":"2025-11-25T07:41:47","slug":"warsztaty","status":"publish","type":"product","link":"https:\/\/kardiologzwierzat.pl\/index.php\/produkt\/warsztaty\/","title":{"rendered":"Warsztaty interpretacji EKG &#8211; Prof. John Bonagura"},"content":{"rendered":"","protected":false},"excerpt":{"rendered":"<h2>Warsztaty interpretacji EKG &#8211; prof. John Bonagura<\/h2>\n<div>PONIEDZIA\u0141EK<\/div>\n<div>15 grudnia 2025<\/div>\n<p>Warsztaty dla os\u00f3b \u015bredniozaawansowanych b\u0119d\u0105 skupia\u0142y si\u0119 na interpretacji zapis\u00f3w EKG, ocenie stanu pacjenta i terapii na podstawie zapis\u00f3w EKG, w tym Holtera i niekt\u00f3rych zapis\u00f3w ICU. Przed rozpocz\u0119ciem kursu uczestnicy dostan\u0105 zapisy EKG do samodzielnej analizy, kt\u00f3re nast\u0119pnie b\u0119d\u0105 dyskutowane podczas warsztat\u00f3w.<br \/>\nZaj\u0119cia b\u0119d\u0105 prowadzone w ma\u0142ej grupie w <strong>j\u0119zyku angielskim<\/strong>.<\/p>\n<p><strong>Poziom: \u015bredniozaawansowany.<\/strong><\/p>\n<p>W cenie: udzia\u0142 w warsztatach, materia\u0142y, przerwy kawowe, lunch.<\/p>\n","protected":false},"featured_media":364,"template":"","meta":{"saved_in_kubio":false},"product_brand":[],"product_cat":[24],"product_tag":[],"class_list":{"0":"post-275","1":"product","2":"type-product","3":"status-publish","4":"has-post-thumbnail","6":"product_cat-warsztaty","8":"first","9":"outofstock","10":"taxable","11":"shipping-taxable","12":"purchasable","13":"product-type-simple"},"jetpack_sharing_enabled":true,"_links":{"self":[{"href":"https:\/\/kardiologzwierzat.pl\/index.php\/wp-json\/wp\/v2\/product\/275","targetHints":{"allow":["GET"]}}],"collection":[{"href":"https:\/\/kardiologzwierzat.pl\/index.php\/wp-json\/wp\/v2\/product"}],"about":[{"href":"https:\/\/kardiologzwierzat.pl\/index.php\/wp-json\/wp\/v2\/types\/product"}],"wp:featuredmedia":[{"embeddable":true,"href":"https:\/\/kardiologzwierzat.pl\/index.php\/wp-json\/wp\/v2\/media\/364"}],"wp:attachment":[{"href":"https:\/\/kardiologzwierzat.pl\/index.php\/wp-json\/wp\/v2\/media?parent=275"}],"wp:term":[{"taxonomy":"product_brand","embeddable":true,"href":"https:\/\/kardiologzwierzat.pl\/index.php\/wp-json\/wp\/v2\/product_brand?post=275"},{"taxonomy":"product_cat","embeddable":true,"href":"https:\/\/kardiologzwierzat.pl\/index.php\/wp-json\/wp\/v2\/product_cat?post=275"},{"taxonomy":"product_tag","embeddable":true,"href":"https:\/\/kardiologzwierzat.pl\/index.php\/wp-json\/wp\/v2\/product_tag?post=275"}],"curies":[{"name":"wp","href":"https:\/\/api.w.org\/{rel}","templated":true}]}}