{"id":345,"date":"2025-05-02T21:33:04","date_gmt":"2025-05-02T19:33:04","guid":{"rendered":"https:\/\/kardiologzwierzat.pl\/?post_type=product&#038;p=345"},"modified":"2025-12-12T09:26:34","modified_gmt":"2025-12-12T08:26:34","slug":"warsztaty-ekg-dr-urszula-bartoszuk","status":"publish","type":"product","link":"https:\/\/kardiologzwierzat.pl\/index.php\/produkt\/warsztaty-ekg-dr-urszula-bartoszuk\/","title":{"rendered":"Warsztaty EKG &#8211; dr Urszula Bartoszuk"},"content":{"rendered":"","protected":false},"excerpt":{"rendered":"<h2><b>Warsztaty EKG &#8211; dr Urszula Bartoszuk<\/b><\/h2>\n<p>PONIEDZIA\u0141EK<br \/>\n15 grudnia 2025<\/p>\n<p>Warsztaty dla pocz\u0105tkuj\u0105cych skoncentruj\u0105 si\u0119 na podstawach elektrofizjologii, zrozumieniu dzia\u0142ania odprowadze\u0144 i om\u00f3wieniu zmian EKG w podstawowych zaburzeniach rytmu serca. Uczestnicy b\u0119d\u0105 indywidualnie interpretowa\u0107 zapisy EKG.<br \/>\nZaj\u0119cia b\u0119d\u0105 prowadzone w ma\u0142ej grupie w <strong>j\u0119zyku polskim<\/strong>.<\/p>\n<p><strong>Poziom: podstawowy.<\/strong><\/p>\n<p>W cenie: udzia\u0142 w warsztatach, materia\u0142y, przerwy kawowe, lunch.<\/p>\n","protected":false},"featured_media":366,"template":"","meta":{"saved_in_kubio":false},"product_brand":[],"product_cat":[24],"product_tag":[],"class_list":{"0":"post-345","1":"product","2":"type-product","3":"status-publish","4":"has-post-thumbnail","6":"product_cat-warsztaty","8":"first","9":"outofstock","10":"taxable","11":"shipping-taxable","12":"purchasable","13":"product-type-simple"},"jetpack_sharing_enabled":true,"_links":{"self":[{"href":"https:\/\/kardiologzwierzat.pl\/index.php\/wp-json\/wp\/v2\/product\/345","targetHints":{"allow":["GET"]}}],"collection":[{"href":"https:\/\/kardiologzwierzat.pl\/index.php\/wp-json\/wp\/v2\/product"}],"about":[{"href":"https:\/\/kardiologzwierzat.pl\/index.php\/wp-json\/wp\/v2\/types\/product"}],"wp:featuredmedia":[{"embeddable":true,"href":"https:\/\/kardiologzwierzat.pl\/index.php\/wp-json\/wp\/v2\/media\/366"}],"wp:attachment":[{"href":"https:\/\/kardiologzwierzat.pl\/index.php\/wp-json\/wp\/v2\/media?parent=345"}],"wp:term":[{"taxonomy":"product_brand","embeddable":true,"href":"https:\/\/kardiologzwierzat.pl\/index.php\/wp-json\/wp\/v2\/product_brand?post=345"},{"taxonomy":"product_cat","embeddable":true,"href":"https:\/\/kardiologzwierzat.pl\/index.php\/wp-json\/wp\/v2\/product_cat?post=345"},{"taxonomy":"product_tag","embeddable":true,"href":"https:\/\/kardiologzwierzat.pl\/index.php\/wp-json\/wp\/v2\/product_tag?post=345"}],"curies":[{"name":"wp","href":"https:\/\/api.w.org\/{rel}","templated":true}]}}